{"id":68,"date":"2025-10-12T14:34:51","date_gmt":"2025-10-12T12:34:51","guid":{"rendered":"http:\/\/geobazinek.cz\/?page_id=68"},"modified":"2025-10-13T22:49:49","modified_gmt":"2025-10-13T20:49:49","slug":"kontakt","status":"publish","type":"page","link":"https:\/\/geobazinek.cz\/?page_id=68","title":{"rendered":"Kontakt"},"content":{"rendered":"\n<h2 class=\"wp-block-heading\" style=\"margin-top:var(--wp--preset--spacing--50);margin-bottom:var(--wp--preset--spacing--50)\">Kontaktn\u00ed \u00fadaje (fakturace a objedn\u00e1vky)<\/h2>\n\n\n\n<p>Pro objedn\u00e1vky, faktury a ve\u0161kerou administrativn\u00ed komunikaci pros\u00edm pou\u017e\u00edvejte n\u00ed\u017ee uveden\u00e9 kontaktn\u00ed \u00fadaje.<\/p>\n\n\n\n<div class=\"wp-block-group is-horizontal is-content-justification-space-between is-nowrap is-layout-flex wp-container-core-group-is-layout-078d3b3a wp-block-group-is-layout-flex\" style=\"border-width:2px;border-radius:6px;padding-top:var(--wp--preset--spacing--60);padding-right:var(--wp--preset--spacing--30);padding-bottom:var(--wp--preset--spacing--60);padding-left:var(--wp--preset--spacing--30);box-shadow:var(--wp--preset--shadow--natural)\">\n<p style=\"border-radius:0px\"><strong>Geodetick\u00e9 pr\u00e1ce<\/strong><br>Robert Baz\u00ednek<br>Na Sezn\u00edku 369\/10<br>779 00 Olomouc<\/p>\n\n\n\n<p><strong>ID datov\u00e9 schr\u00e1nky:<\/strong>&nbsp;strncqi<br><strong>I\u010cO:<\/strong>&nbsp;88200485<br><strong>Tel.<\/strong>&nbsp;+420 602 879 078<br><a href=\"mailto:geobazinek@seznam.cz\">geobazinek@seznam.cz<\/a><\/p>\n<\/div>\n\n\n\n<hr class=\"wp-block-separator has-text-color has-ast-global-color-4-color has-alpha-channel-opacity has-ast-global-color-4-background-color has-background is-style-wide\" style=\"margin-top:var(--wp--preset--spacing--40);margin-bottom:var(--wp--preset--spacing--40)\"\/>\n\n\n\n<h2 class=\"wp-block-heading\">Kancel\u00e1\u0159<\/h2>\n\n\n\n<p>Pro osobn\u00ed jedn\u00e1n\u00ed a sch\u016fzky je k dispozici kancel\u00e1\u0159 na adrese: <br><br>Fibichova 1141\/2<br>779 00 Olomouc<br>(2. patro)<\/p>\n\n\n\n<iframe src=\"https:\/\/www.google.com\/maps\/embed?pb=!1m18!1m12!1m3!1d1293.1958666371138!2d17.27510501441361!3d49.5903617933443!2m3!1f0!2f0!3f0!3m2!1i1024!2i768!4f13.1!3m3!1m2!1s0x47124e810fef97c5%3A0x7852febb5ce53b32!2sGeodetick%C3%A9%20pr%C3%A1ce%20Robert%20Baz%C3%ADnek!5e0!3m2!1scs!2scz!4v1760379475345!5m2!1scs!2scz\" width=\"100%\" height=\"500\" style=\"border:0; margin-bottom: 50px;\" allowfullscreen=\"\" loading=\"lazy\" referrerpolicy=\"no-referrer-when-downgrade\"><\/iframe>\n\n\n\n<h2 class=\"wp-block-heading\" id=\"form-nadpis\">Kontaktn\u00ed formul\u00e1\u0159<\/h2>\n\n\n\n<p>Pokud m\u00e1te jak\u00fdkoliv dotaz nebo z\u00e1jem o slu\u017ebu, vyu\u017eijte pros\u00edm m\u016fj kontaktn\u00ed formul\u00e1\u0159 n\u00ed\u017ee. Ozvu se V\u00e1m zp\u011bt co nejd\u0159\u00edve.<\/p>\n\n\n\n<div id=\"kontaktni-formular\" class=\"wp-block-group has-border-color has-black-border-color has-background is-horizontal is-content-justification-center is-nowrap is-layout-flex wp-container-core-group-is-layout-006baf5e wp-block-group-is-layout-flex\" style=\"border-width:1px;border-radius:6px;background-color:#eeeeee;margin-top:var(--wp--preset--spacing--60);margin-bottom:var(--wp--preset--spacing--60);box-shadow:var(--wp--preset--shadow--natural)\">\n<div class=\"wp-block-contact-form-7-contact-form-selector\">\n<div class=\"wpcf7 no-js\" id=\"wpcf7-f36-o1\" lang=\"cs-CZ\" dir=\"ltr\" data-wpcf7-id=\"36\">\n<div class=\"screen-reader-response\"><p role=\"status\" aria-live=\"polite\" aria-atomic=\"true\"><\/p> <ul><\/ul><\/div>\n<form action=\"\/index.php?rest_route=%2Fwp%2Fv2%2Fpages%2F68#wpcf7-f36-o1\" method=\"post\" class=\"wpcf7-form init\" aria-label=\"Kontaktn\u00ed formul\u00e1\u0159\" novalidate=\"novalidate\" data-status=\"init\">\n<fieldset class=\"hidden-fields-container\"><input type=\"hidden\" name=\"_wpcf7\" value=\"36\" \/><input type=\"hidden\" name=\"_wpcf7_version\" value=\"6.1.5\" \/><input type=\"hidden\" name=\"_wpcf7_locale\" value=\"cs_CZ\" \/><input type=\"hidden\" name=\"_wpcf7_unit_tag\" value=\"wpcf7-f36-o1\" \/><input type=\"hidden\" name=\"_wpcf7_container_post\" value=\"0\" \/><input type=\"hidden\" name=\"_wpcf7_posted_data_hash\" value=\"\" \/>\n<\/fieldset>\n<p><label> Va\u0161e jm\u00e9no<br \/>\n<span class=\"wpcf7-form-control-wrap\" data-name=\"your-name\"><input size=\"40\" maxlength=\"400\" class=\"wpcf7-form-control wpcf7-text wpcf7-validates-as-required\" autocomplete=\"name\" aria-required=\"true\" aria-invalid=\"false\" value=\"\" type=\"text\" name=\"your-name\" \/><\/span> <\/label>\n<\/p>\n<p><label> V\u00e1\u0161 e-mail<br \/>\n<span class=\"wpcf7-form-control-wrap\" data-name=\"your-email\"><input size=\"40\" maxlength=\"400\" class=\"wpcf7-form-control wpcf7-email wpcf7-validates-as-required wpcf7-text wpcf7-validates-as-email\" autocomplete=\"email\" aria-required=\"true\" aria-invalid=\"false\" value=\"\" type=\"email\" name=\"your-email\" \/><\/span> <\/label>\n<\/p>\n<p><label> V\u00e1\u0161 telefon (voliteln\u011b, pokud si p\u0159ejete zavolat zp\u011bt)<br \/>\n<span class=\"wpcf7-form-control-wrap\" data-name=\"your-tel\"><input size=\"40\" maxlength=\"400\" class=\"wpcf7-form-control wpcf7-text\" autocomplete=\"tel\" aria-invalid=\"false\" value=\"\" type=\"text\" name=\"your-tel\" \/><\/span> <\/label>\n<\/p>\n<p><label> P\u0159edm\u011bt<br \/>\n<span class=\"wpcf7-form-control-wrap\" data-name=\"your-subject\"><input size=\"40\" maxlength=\"400\" class=\"wpcf7-form-control wpcf7-text wpcf7-validates-as-required\" aria-required=\"true\" aria-invalid=\"false\" value=\"\" type=\"text\" name=\"your-subject\" \/><\/span> <\/label>\n<\/p>\n<p><label> Va\u0161e zpr\u00e1va<br \/>\n<span class=\"wpcf7-form-control-wrap\" data-name=\"your-message\"><textarea cols=\"40\" rows=\"10\" maxlength=\"2000\" class=\"wpcf7-form-control wpcf7-textarea\" aria-invalid=\"false\" name=\"your-message\"><\/textarea><\/span> <\/label>\n<\/p>\n<p><input class=\"wpcf7-form-control wpcf7-submit has-spinner\" type=\"submit\" value=\"Odeslat\" \/>\n<\/p><div class=\"wpcf7-response-output\" aria-hidden=\"true\"><\/div>\n<\/form>\n<\/div>\n<\/div>\n<\/div>\n\n\n\n<p><\/p>\n","protected":false},"excerpt":{"rendered":"<p>Kontaktn\u00ed \u00fadaje (fakturace a objedn\u00e1vky) Pro objedn\u00e1vky, faktury a ve\u0161kerou administrativn\u00ed komunikaci pros\u00edm pou\u017e\u00edvejte n\u00ed\u017ee uveden\u00e9 kontaktn\u00ed \u00fadaje. Geodetick\u00e9 pr\u00e1ceRobert [&hellip;]<\/p>\n","protected":false},"author":1,"featured_media":0,"parent":0,"menu_order":0,"comment_status":"closed","ping_status":"closed","template":"","meta":{"site-sidebar-layout":"default","site-content-layout":"","ast-site-content-layout":"default","site-content-style":"default","site-sidebar-style":"default","ast-global-header-display":"","ast-banner-title-visibility":"","ast-main-header-display":"","ast-hfb-above-header-display":"","ast-hfb-below-header-display":"","ast-hfb-mobile-header-display":"","site-post-title":"disabled","ast-breadcrumbs-content":"","ast-featured-img":"","footer-sml-layout":"","ast-disable-related-posts":"","theme-transparent-header-meta":"","adv-header-id-meta":"","stick-header-meta":"","header-above-stick-meta":"","header-main-stick-meta":"","header-below-stick-meta":"","astra-migrate-meta-layouts":"default","ast-page-background-enabled":"default","ast-page-background-meta":{"desktop":{"background-color":"var(--ast-global-color-5)","background-image":"","background-repeat":"repeat","background-position":"center center","background-size":"auto","background-attachment":"scroll","background-type":"","background-media":"","overlay-type":"","overlay-color":"","overlay-opacity":"","overlay-gradient":""},"tablet":{"background-color":"","background-image":"","background-repeat":"repeat","background-position":"center center","background-size":"auto","background-attachment":"scroll","background-type":"","background-media":"","overlay-type":"","overlay-color":"","overlay-opacity":"","overlay-gradient":""},"mobile":{"background-color":"","background-image":"","background-repeat":"repeat","background-position":"center center","background-size":"auto","background-attachment":"scroll","background-type":"","background-media":"","overlay-type":"","overlay-color":"","overlay-opacity":"","overlay-gradient":""}},"ast-content-background-meta":{"desktop":{"background-color":"var(--ast-global-color-4)","background-image":"","background-repeat":"repeat","background-position":"center center","background-size":"auto","background-attachment":"scroll","background-type":"","background-media":"","overlay-type":"","overlay-color":"","overlay-opacity":"","overlay-gradient":""},"tablet":{"background-color":"var(--ast-global-color-4)","background-image":"","background-repeat":"repeat","background-position":"center center","background-size":"auto","background-attachment":"scroll","background-type":"","background-media":"","overlay-type":"","overlay-color":"","overlay-opacity":"","overlay-gradient":""},"mobile":{"background-color":"var(--ast-global-color-4)","background-image":"","background-repeat":"repeat","background-position":"center center","background-size":"auto","background-attachment":"scroll","background-type":"","background-media":"","overlay-type":"","overlay-color":"","overlay-opacity":"","overlay-gradient":""}},"footnotes":""},"class_list":["post-68","page","type-page","status-publish","hentry"],"yoast_head":"<!-- This site is optimized with the Yoast SEO plugin v26.9 - https:\/\/yoast.com\/product\/yoast-seo-wordpress\/ -->\n<title>Kontakt | Geodetick\u00e9 pr\u00e1ce Robert Baz\u00ednek Olomouc<\/title>\n<meta name=\"description\" content=\"Kontakt na Geodetick\u00e9 pr\u00e1ce Robert Baz\u00ednek v Olomouci. Najdete zde telefon, e-mail, adresu, I\u010cO a datovou schr\u00e1nku. Popt\u00e1vky: 602 879 078.\" \/>\n<meta name=\"robots\" content=\"index, follow, max-snippet:-1, max-image-preview:large, max-video-preview:-1\" \/>\n<link rel=\"canonical\" href=\"https:\/\/geobazinek.cz\/?page_id=68\" \/>\n<meta property=\"og:locale\" content=\"cs_CZ\" \/>\n<meta property=\"og:type\" content=\"article\" \/>\n<meta property=\"og:title\" content=\"Kontakt | Geodetick\u00e9 pr\u00e1ce Robert Baz\u00ednek Olomouc\" \/>\n<meta property=\"og:description\" content=\"Kontakt na Geodetick\u00e9 pr\u00e1ce Robert Baz\u00ednek v Olomouci. Najdete zde telefon, e-mail, adresu, I\u010cO a datovou schr\u00e1nku. Popt\u00e1vky: 602 879 078.\" \/>\n<meta property=\"og:url\" content=\"https:\/\/geobazinek.cz\/?page_id=68\" \/>\n<meta property=\"og:site_name\" content=\"Geodetick\u00e9 pr\u00e1ce Robert Baz\u00ednek\" \/>\n<meta property=\"article:modified_time\" content=\"2025-10-13T20:49:49+00:00\" \/>\n<meta property=\"og:image\" content=\"https:\/\/geobazinek.cz\/wp-content\/uploads\/2025\/10\/Logo_RP_Alfa_crop.png\" \/>\n\t<meta property=\"og:image:width\" content=\"693\" \/>\n\t<meta property=\"og:image:height\" content=\"380\" \/>\n\t<meta property=\"og:image:type\" content=\"image\/png\" \/>\n<meta name=\"twitter:card\" content=\"summary_large_image\" \/>\n<meta name=\"twitter:label1\" content=\"Odhadovan\u00e1 doba \u010dten\u00ed\" \/>\n\t<meta name=\"twitter:data1\" content=\"1 minuta\" \/>\n<script type=\"application\/ld+json\" class=\"yoast-schema-graph\">{\"@context\":\"https:\/\/schema.org\",\"@graph\":[{\"@type\":\"WebPage\",\"@id\":\"https:\/\/geobazinek.cz\/?page_id=68\",\"url\":\"https:\/\/geobazinek.cz\/?page_id=68\",\"name\":\"Kontakt | Geodetick\u00e9 pr\u00e1ce Robert Baz\u00ednek Olomouc\",\"isPartOf\":{\"@id\":\"https:\/\/geobazinek.cz\/#website\"},\"datePublished\":\"2025-10-12T12:34:51+00:00\",\"dateModified\":\"2025-10-13T20:49:49+00:00\",\"description\":\"Kontakt na Geodetick\u00e9 pr\u00e1ce Robert Baz\u00ednek v Olomouci. Najdete zde telefon, e-mail, adresu, I\u010cO a datovou schr\u00e1nku. Popt\u00e1vky: 602 879 078.\",\"breadcrumb\":{\"@id\":\"https:\/\/geobazinek.cz\/?page_id=68#breadcrumb\"},\"inLanguage\":\"cs\",\"potentialAction\":[{\"@type\":\"ReadAction\",\"target\":[\"https:\/\/geobazinek.cz\/?page_id=68\"]}]},{\"@type\":\"BreadcrumbList\",\"@id\":\"https:\/\/geobazinek.cz\/?page_id=68#breadcrumb\",\"itemListElement\":[{\"@type\":\"ListItem\",\"position\":1,\"name\":\"Dom\u016f\",\"item\":\"https:\/\/geobazinek.cz\/\"},{\"@type\":\"ListItem\",\"position\":2,\"name\":\"Kontakt\"}]},{\"@type\":\"WebSite\",\"@id\":\"https:\/\/geobazinek.cz\/#website\",\"url\":\"https:\/\/geobazinek.cz\/\",\"name\":\"Geodetick\u00e9 pr\u00e1ce Robert Baz\u00ednek\",\"description\":\"\",\"publisher\":{\"@id\":\"https:\/\/geobazinek.cz\/#\/schema\/person\/1a44523aa8b92224126de695c0546bb6\"},\"potentialAction\":[{\"@type\":\"SearchAction\",\"target\":{\"@type\":\"EntryPoint\",\"urlTemplate\":\"https:\/\/geobazinek.cz\/?s={search_term_string}\"},\"query-input\":{\"@type\":\"PropertyValueSpecification\",\"valueRequired\":true,\"valueName\":\"search_term_string\"}}],\"inLanguage\":\"cs\"},{\"@type\":[\"Person\",\"Organization\"],\"@id\":\"https:\/\/geobazinek.cz\/#\/schema\/person\/1a44523aa8b92224126de695c0546bb6\",\"name\":\"Robert Baz\u00ednek\",\"image\":{\"@type\":\"ImageObject\",\"inLanguage\":\"cs\",\"@id\":\"https:\/\/geobazinek.cz\/#\/schema\/person\/image\/\",\"url\":\"https:\/\/geobazinek.cz\/wp-content\/uploads\/2025\/10\/Logo_RP_Alfa_crop.png\",\"contentUrl\":\"https:\/\/geobazinek.cz\/wp-content\/uploads\/2025\/10\/Logo_RP_Alfa_crop.png\",\"width\":693,\"height\":380,\"caption\":\"Robert Baz\u00ednek\"},\"logo\":{\"@id\":\"https:\/\/geobazinek.cz\/#\/schema\/person\/image\/\"},\"sameAs\":[\"http:\/\/geobazinek.cz\"]}]}<\/script>\n<!-- \/ Yoast SEO plugin. -->","yoast_head_json":{"title":"Kontakt | Geodetick\u00e9 pr\u00e1ce Robert Baz\u00ednek Olomouc","description":"Kontakt na Geodetick\u00e9 pr\u00e1ce Robert Baz\u00ednek v Olomouci. Najdete zde telefon, e-mail, adresu, I\u010cO a datovou schr\u00e1nku. Popt\u00e1vky: 602 879 078.","robots":{"index":"index","follow":"follow","max-snippet":"max-snippet:-1","max-image-preview":"max-image-preview:large","max-video-preview":"max-video-preview:-1"},"canonical":"https:\/\/geobazinek.cz\/?page_id=68","og_locale":"cs_CZ","og_type":"article","og_title":"Kontakt | Geodetick\u00e9 pr\u00e1ce Robert Baz\u00ednek Olomouc","og_description":"Kontakt na Geodetick\u00e9 pr\u00e1ce Robert Baz\u00ednek v Olomouci. Najdete zde telefon, e-mail, adresu, I\u010cO a datovou schr\u00e1nku. Popt\u00e1vky: 602 879 078.","og_url":"https:\/\/geobazinek.cz\/?page_id=68","og_site_name":"Geodetick\u00e9 pr\u00e1ce Robert Baz\u00ednek","article_modified_time":"2025-10-13T20:49:49+00:00","og_image":[{"width":693,"height":380,"url":"https:\/\/geobazinek.cz\/wp-content\/uploads\/2025\/10\/Logo_RP_Alfa_crop.png","type":"image\/png"}],"twitter_card":"summary_large_image","twitter_misc":{"Odhadovan\u00e1 doba \u010dten\u00ed":"1 minuta"},"schema":{"@context":"https:\/\/schema.org","@graph":[{"@type":"WebPage","@id":"https:\/\/geobazinek.cz\/?page_id=68","url":"https:\/\/geobazinek.cz\/?page_id=68","name":"Kontakt | Geodetick\u00e9 pr\u00e1ce Robert Baz\u00ednek Olomouc","isPartOf":{"@id":"https:\/\/geobazinek.cz\/#website"},"datePublished":"2025-10-12T12:34:51+00:00","dateModified":"2025-10-13T20:49:49+00:00","description":"Kontakt na Geodetick\u00e9 pr\u00e1ce Robert Baz\u00ednek v Olomouci. Najdete zde telefon, e-mail, adresu, I\u010cO a datovou schr\u00e1nku. Popt\u00e1vky: 602 879 078.","breadcrumb":{"@id":"https:\/\/geobazinek.cz\/?page_id=68#breadcrumb"},"inLanguage":"cs","potentialAction":[{"@type":"ReadAction","target":["https:\/\/geobazinek.cz\/?page_id=68"]}]},{"@type":"BreadcrumbList","@id":"https:\/\/geobazinek.cz\/?page_id=68#breadcrumb","itemListElement":[{"@type":"ListItem","position":1,"name":"Dom\u016f","item":"https:\/\/geobazinek.cz\/"},{"@type":"ListItem","position":2,"name":"Kontakt"}]},{"@type":"WebSite","@id":"https:\/\/geobazinek.cz\/#website","url":"https:\/\/geobazinek.cz\/","name":"Geodetick\u00e9 pr\u00e1ce Robert Baz\u00ednek","description":"","publisher":{"@id":"https:\/\/geobazinek.cz\/#\/schema\/person\/1a44523aa8b92224126de695c0546bb6"},"potentialAction":[{"@type":"SearchAction","target":{"@type":"EntryPoint","urlTemplate":"https:\/\/geobazinek.cz\/?s={search_term_string}"},"query-input":{"@type":"PropertyValueSpecification","valueRequired":true,"valueName":"search_term_string"}}],"inLanguage":"cs"},{"@type":["Person","Organization"],"@id":"https:\/\/geobazinek.cz\/#\/schema\/person\/1a44523aa8b92224126de695c0546bb6","name":"Robert Baz\u00ednek","image":{"@type":"ImageObject","inLanguage":"cs","@id":"https:\/\/geobazinek.cz\/#\/schema\/person\/image\/","url":"https:\/\/geobazinek.cz\/wp-content\/uploads\/2025\/10\/Logo_RP_Alfa_crop.png","contentUrl":"https:\/\/geobazinek.cz\/wp-content\/uploads\/2025\/10\/Logo_RP_Alfa_crop.png","width":693,"height":380,"caption":"Robert Baz\u00ednek"},"logo":{"@id":"https:\/\/geobazinek.cz\/#\/schema\/person\/image\/"},"sameAs":["http:\/\/geobazinek.cz"]}]}},"_links":{"self":[{"href":"https:\/\/geobazinek.cz\/index.php?rest_route=\/wp\/v2\/pages\/68","targetHints":{"allow":["GET"]}}],"collection":[{"href":"https:\/\/geobazinek.cz\/index.php?rest_route=\/wp\/v2\/pages"}],"about":[{"href":"https:\/\/geobazinek.cz\/index.php?rest_route=\/wp\/v2\/types\/page"}],"author":[{"embeddable":true,"href":"https:\/\/geobazinek.cz\/index.php?rest_route=\/wp\/v2\/users\/1"}],"replies":[{"embeddable":true,"href":"https:\/\/geobazinek.cz\/index.php?rest_route=%2Fwp%2Fv2%2Fcomments&post=68"}],"version-history":[{"count":45,"href":"https:\/\/geobazinek.cz\/index.php?rest_route=\/wp\/v2\/pages\/68\/revisions"}],"predecessor-version":[{"id":276,"href":"https:\/\/geobazinek.cz\/index.php?rest_route=\/wp\/v2\/pages\/68\/revisions\/276"}],"wp:attachment":[{"href":"https:\/\/geobazinek.cz\/index.php?rest_route=%2Fwp%2Fv2%2Fmedia&parent=68"}],"curies":[{"name":"wp","href":"https:\/\/api.w.org\/{rel}","templated":true}]}}